{"id":295,"date":"2023-11-27T07:54:33","date_gmt":"2023-11-27T07:54:33","guid":{"rendered":"https:\/\/quangcaoduocpham.com\/?post_type=product&#038;p=295"},"modified":"2026-04-11T00:08:54","modified_gmt":"2026-04-11T00:08:54","slug":"forxiga-10mg","status":"publish","type":"product","link":"https:\/\/quangcaoduocpham.com\/index.php\/product\/forxiga-10mg\/","title":{"rendered":"Forxiga 10mg"},"content":{"rendered":"<p>Ho\u1ea1t ch\u1ea5t : Dapagliflozin 10mg<\/p>\n<p>Forxiga\u00ae c\u00f3 th\u00e0nh ph\u1ea7n l\u00e0\u00a0<a class=\"link-in-body\" href=\"https:\/\/www.vinmec.com\/vi\/thuoc\/dapagliflozin-107\/\" target=\"_blank\" rel=\"noopener\"><b class=\"link-in-body\">dapagliflozin<\/b><\/a>, l\u00e0 m\u1ed9t thu\u1ed1c c\u00f3 t\u00e1c d\u1ee5ng t\u0103ng \u0111\u00e0o th\u1ea3i \u0111\u01b0\u1eddng v\u00e0 mu\u1ed1i ra kh\u1ecfi c\u01a1 th\u1ec3 qua \u0111\u01b0\u1eddng n\u01b0\u1edbc ti\u1ec3u. Thu\u1ed1c th\u01b0\u1eddng \u0111\u01b0\u1ee3c s\u1eed d\u1ee5ng \u0111\u1ec3 \u0111i\u1ec1u tr\u1ecb b\u1ec7nh l\u00fd \u0111\u00e1i th\u00e1o \u0111\u01b0\u1eddng. Ngo\u00e0i ra, thu\u1ed1c c\u00f2n c\u00f3 t\u00e1c d\u1ee5ng b\u1ea3o v\u1ec7 tim m\u1ea1ch v\u00e0 th\u1eadn n\u00ean \u0111\u01b0\u1ee3c s\u1eed d\u1ee5ng cho c\u00e1c\u00a0<a class=\"link-in-body\" href=\"https:\/\/www.vinmec.com\/vi\/tin-tuc\/thong-tin-suc-khoe\/benh-ly-tim-mach-nguyen-nhan-gay-tu-vong-hang-dau\/\" target=\"_blank\" rel=\"noopener\"><b class=\"link-in-body\">b\u1ec7nh l\u00fd tim m\u1ea1ch<\/b><\/a>\u00a0v\u00e0 th\u1eadn nh\u01b0 suy tim,\u00a0<a class=\"link-in-body\" href=\"https:\/\/www.vinmec.com\/vi\/tin-tuc\/thong-tin-suc-khoe\/benh-mach-vanh-bieu-hien-nguyen-nhan-va-cach-dieu-tri-o-vinmec\/\" target=\"_blank\" rel=\"noopener\"><b class=\"link-in-body\">b\u1ec7nh m\u1ea1ch v\u00e0nh<\/b><\/a>,\u00a0<a class=\"link-in-body\" href=\"https:\/\/www.vinmec.com\/vi\/benh\/suy-than-3075\/\" target=\"_blank\" rel=\"noopener\"><b class=\"link-in-body\">suy th\u1eadn<\/b><\/a>.<\/p>\n<div class=\"rich-text\">\n<p>Thu\u1ed1c \u0111\u01b0\u1ee3c d\u00f9ng 1 l\u1ea7n\/ng\u00e0y. Ng\u01b0\u1eddi b\u1ec7nh c\u00f3 th\u1ec3 u\u1ed1ng thu\u1ed1c v\u00e0o m\u1ed9t th\u1eddi \u0111i\u1ec3m c\u1ed1 \u0111\u1ecbnh trong ng\u00e0y, c\u00f3 th\u1ec3 l\u00e0 tr\u01b0\u1edbc khi \u0103n ho\u1eb7c sau khi \u0103n. N\u00ean u\u1ed1ng nguy\u00ean vi\u00ean thu\u1ed1c, kh\u00f4ng n\u00ean nhai hay b\u1ebb thu\u1ed1c.<\/p>\n<p>Tr\u01b0\u1eddng h\u1ee3p qu\u00ean kh\u00f4ng u\u1ed1ng Forxiga v\u00e0 nh\u1edb ra trong ng\u00e0y, b\u1ea1n n\u00ean u\u1ed1ng thu\u1ed1c ngay khi v\u1eeba nh\u1edb ra. N\u1ebfu qu\u00ean u\u1ed1ng thu\u1ed1c v\u00e0 \u0111\u1ebfn h\u00f4m sau m\u1edbi nh\u1edb ra, b\u1ea1n c\u00f3 th\u1ec3 b\u1ecf qua li\u1ec1u \u0111\u00e3 qu\u00ean v\u00e0 u\u1ed1ng ti\u1ebfp thu\u1ed1c nh\u01b0 b\u00ecnh th\u01b0\u1eddng. N\u1ebfu qu\u00ean thu\u1ed1c qu\u00e1 th\u01b0\u1eddng xuy\u00ean, b\u1ea1n c\u00f3 th\u1ec3 \u0111\u1eb7t \u0111\u1ed3ng h\u1ed3 \u0111\u1ec3 nh\u1eafc gi\u1edd u\u1ed1ng thu\u1ed1c v\u00e0\/ho\u1eb7c \u0111\u1ed5i gi\u1edd u\u1ed1ng thu\u1ed1c sang khung gi\u1edd m\u00e0 b\u1ea1n d\u1ec5 d\u00e0ng u\u1ed1ng nh\u1ea5t trong ng\u00e0y.<\/p>\n<p>Forxiga c\u00f3 th\u1ec3 s\u1eed d\u1ee5ng c\u00f9ng v\u1edbi c\u00e1c lo\u1ea1i thu\u1ed1c ti\u1ec3u \u0111\u01b0\u1eddng v\u00e0\/ho\u1eb7c thu\u1ed1c tim m\u1ea1ch kh\u00e1c.<\/p>\n<\/div>\n<p>&nbsp;<\/p>\n","protected":false},"excerpt":{"rendered":"<p>Ho\u1ea1t ch\u1ea5t : Dapagliflozin 10mg Forxiga\u00ae c\u00f3 th\u00e0nh ph\u1ea7n l\u00e0\u00a0dapagliflozin, l\u00e0 m\u1ed9t thu\u1ed1c c\u00f3 t\u00e1c d\u1ee5ng t\u0103ng \u0111\u00e0o th\u1ea3i \u0111\u01b0\u1eddng v\u00e0 mu\u1ed1i ra kh\u1ecfi c\u01a1 th\u1ec3 qua \u0111\u01b0\u1eddng n\u01b0\u1edbc ti\u1ec3u. Thu\u1ed1c th\u01b0\u1eddng \u0111\u01b0\u1ee3c s\u1eed d\u1ee5ng \u0111\u1ec3 \u0111i\u1ec1u tr\u1ecb b\u1ec7nh l\u00fd \u0111\u00e1i th\u00e1o \u0111\u01b0\u1eddng. Ngo\u00e0i ra, thu\u1ed1c c\u00f2n c\u00f3 t\u00e1c d\u1ee5ng b\u1ea3o v\u1ec7 tim m\u1ea1ch v\u00e0 &hellip; <\/p>\n<p class=\"link-more\"><a href=\"https:\/\/quangcaoduocpham.com\/index.php\/product\/forxiga-10mg\/\" class=\"more-link\">Continue reading<span class=\"screen-reader-text\"> &#8220;Forxiga 10mg&#8221;<\/span><\/a><\/p>\n","protected":false},"featured_media":728,"comment_status":"open","ping_status":"closed","template":"","meta":{"om_disable_all_campaigns":false,"_monsterinsights_skip_tracking":false,"_monsterinsights_sitenote_active":false,"_monsterinsights_sitenote_note":"","_monsterinsights_sitenote_category":0},"product_brand":[],"product_cat":[37,36,29],"product_tag":[],"class_list":{"0":"post-295","1":"product","2":"type-product","3":"status-publish","4":"has-post-thumbnail","6":"product_cat-san-pham-ban-chay","7":"product_cat-san-pham-moi","8":"product_cat-tim-mach-tieu-duong","10":"first","11":"instock","12":"shipping-taxable","13":"product-type-simple"},"_links":{"self":[{"href":"https:\/\/quangcaoduocpham.com\/index.php\/wp-json\/wp\/v2\/product\/295","targetHints":{"allow":["GET"]}}],"collection":[{"href":"https:\/\/quangcaoduocpham.com\/index.php\/wp-json\/wp\/v2\/product"}],"about":[{"href":"https:\/\/quangcaoduocpham.com\/index.php\/wp-json\/wp\/v2\/types\/product"}],"replies":[{"embeddable":true,"href":"https:\/\/quangcaoduocpham.com\/index.php\/wp-json\/wp\/v2\/comments?post=295"}],"wp:featuredmedia":[{"embeddable":true,"href":"https:\/\/quangcaoduocpham.com\/index.php\/wp-json\/wp\/v2\/media\/728"}],"wp:attachment":[{"href":"https:\/\/quangcaoduocpham.com\/index.php\/wp-json\/wp\/v2\/media?parent=295"}],"wp:term":[{"taxonomy":"product_brand","embeddable":true,"href":"https:\/\/quangcaoduocpham.com\/index.php\/wp-json\/wp\/v2\/product_brand?post=295"},{"taxonomy":"product_cat","embeddable":true,"href":"https:\/\/quangcaoduocpham.com\/index.php\/wp-json\/wp\/v2\/product_cat?post=295"},{"taxonomy":"product_tag","embeddable":true,"href":"https:\/\/quangcaoduocpham.com\/index.php\/wp-json\/wp\/v2\/product_tag?post=295"}],"curies":[{"name":"wp","href":"https:\/\/api.w.org\/{rel}","templated":true}]}}