{"id":328,"date":"2023-11-28T14:19:46","date_gmt":"2023-11-28T14:19:46","guid":{"rendered":"https:\/\/quangcaoduocpham.com\/?post_type=product&#038;p=328"},"modified":"2026-04-11T00:08:39","modified_gmt":"2026-04-11T00:08:39","slug":"concor-2-5-bisoprolol","status":"publish","type":"product","link":"https:\/\/quangcaoduocpham.com\/index.php\/product\/concor-2-5-bisoprolol\/","title":{"rendered":"concor-2.5-bisoprolol"},"content":{"rendered":"<h2><strong>1. Thu\u1ed1c Concor 5mg c\u00f3 t\u00e1c d\u1ee5ng g\u00ec?<\/strong><\/h2>\n<div class=\"rich-text\">\n<p><b>Thu\u1ed1c Concor 5mg<\/b>\u00a0c\u00f3 d\u01b0\u1ee3c ch\u1ea5t ch\u00ednh l\u00e0 bisoprolol c\u00f3 t\u00e1c d\u1ee5ng \u1ee9c ch\u1ebf nh\u1eefng c\u01a1n cao huy\u1ebft \u00e1p \u0111\u1ed9t ng\u1ed9t do g\u1eafng s\u1ee9c v\u00e0 k\u00edch th\u00edch. \u0110\u1ed3ng th\u1eddi, n\u00f3 c\u0169ng c\u00f3 t\u00e1c d\u1ee5ng gi\u00e3n m\u1ea1ch m\u00e1u v\u00e0 l\u00e0m ch\u1eadm nh\u1ecbp tim. Do \u0111\u00f3, thu\u1ed1c Concor 5mg \u0111\u01b0\u1ee3c s\u1eed d\u1ee5ng \u0111\u01a1n \u0111\u1ed9c ho\u1eb7c k\u1ebft h\u1ee3p v\u1edbi c\u00e1c thu\u1ed1c kh\u00e1c trong \u0111i\u1ec1u tr\u1ecb b\u1ec7nh l\u00fd t\u0103ng huy\u1ebft \u00e1p v\u00e0\u00a0<a class=\"link-in-body\" href=\"https:\/\/www.vinmec.com\/vi\/tim-mach\/thong-tin-suc-khoe\/roi-loan-nhip-tim-nhanh-tren\/\" target=\"_blank\" rel=\"noopener\"><b class=\"link-in-body\">r\u1ed1i lo\u1ea1n nh\u1ecbp tim nhanh<\/b><\/a>.<\/p>\n<p>D\u1ef1 ph\u00f2ng v\u00e0 \u0111i\u1ec1u tr\u1ecb c\u01a1n \u0111au th\u1eaft ng\u1ef1c m\u1ea1n t\u00ednh trong b\u1ec7nh m\u1ea1ch v\u00e0nh.<\/p>\n<p>K\u1ebft h\u1ee3p v\u1edbi nh\u00f3m thu\u1ed1c \u1ee9c ch\u1ebf men chuy\u1ec3n, thu\u1ed1c l\u1ee3i ti\u1ec3u c\u1ee5 th\u1ec3 l\u00e0 digoxin \u0111\u1ec3 \u0111i\u1ec1u tr\u1ecb b\u1ec7nh suy tim m\u1ea1n t\u00ednh \u1ed5n \u0111\u1ecbnh c\u00f3 k\u00e8m theo suy gi\u1ea3m ch\u1ee9c n\u0103ng t\u00e2m thu th\u1ea5t tr\u00e1i. T\u00e1c d\u1ee5ng c\u1ee7a thu\u1ed1c Concor 5mg u\u1ed1ng m\u1ed9t vi\u00ean m\u1ed7i ng\u00e0y k\u00e9o d\u00e0i 24 gi\u1edd.<\/p>\n<p><strong><span style=\"color: #666666; font-size: 1.25rem;\">2. Li\u1ec1u d\u00f9ng thu\u1ed1c Concor 5mg<\/span><\/strong><\/p>\n<\/div>\n<div class=\"rich-text\">\n<h3><b>2.1. Li\u1ec1u \u0111i\u1ec1u tr\u1ecb b\u1ec7nh t\u0103ng huy\u1ebft \u00e1p v\u00e0 b\u1ec7nh m\u1ea1ch v\u00e0nh<\/b><\/h3>\n<p>Trong m\u1ecdi tr\u01b0\u1eddng h\u1ee3p, li\u1ec1u d\u00f9ng s\u1ebd \u0111\u01b0\u1ee3c \u0111i\u1ec1u ch\u1ec9nh cho t\u1eebng ng\u01b0\u1eddi, \u0111\u1eb7c bi\u1ec7t l\u00e0 d\u1ef1a tr\u00ean t\u1ea7n s\u1ed1 tim v\u00e0 k\u1ebft qu\u1ea3 \u0111i\u1ec1u tr\u1ecb. Li\u1ec1u \u0111i\u1ec1u tr\u1ecb kh\u1edfi \u0111\u1ea7u th\u00f4ng th\u01b0\u1eddng l\u00e0 5mg bisoprolol (t\u1ee9c 1 vi\u00ean thu\u1ed1c Concor 5mg), d\u00f9ng 1 l\u1ea7n\/ ng\u00e0y.<\/p>\n<p>Trong tr\u01b0\u1eddng h\u1ee3p t\u0103ng huy\u1ebft \u00e1p nh\u1eb9 (t\u1ee9c huy\u1ebft \u00e1p t\u00e2m tr\u01b0\u01a1ng \u0111\u1ebfn 105mmHg) c\u00f3 th\u1ec3 \u0111i\u1ec1u tr\u1ecb v\u1edbi 2.5mg hay 1\u20442 vi\u00ean<b>\u00a0thu\u1ed1c Concor 5mg<\/b>\u00a0m\u1ed9t l\u1ea7n\/ng\u00e0y l\u00e0 \u0111\u1ee7. N\u1ebfu c\u1ea7n thi\u1ebft, li\u1ec1u c\u00f3 th\u1ec3 \u0111\u01b0\u1ee3c t\u0103ng l\u00ean 10 mg bisoprolol (t\u1ee9c 2 vi\u00ean\u00a0<b>thu\u1ed1c Concor 5mg<\/b>) m\u1ed9t l\u1ea7n\/ng\u00e0y. Li\u1ec1u khuy\u1ebfn c\u00e1o t\u1ed1i \u0111a l\u00e0 20 mg bisoprolol d\u00f9ng m\u1ed9t l\u1ea7n\/ng\u00e0y.<\/p>\n<p><b>2.2. Li\u1ec1u \u0111i\u1ec1u tr\u1ecb suy tim m\u00e3n \u1ed5n \u0111\u1ecbnh<\/b><\/p>\n<p>Ph\u00e1c \u0111\u1ed3 \u0111i\u1ec1u tr\u1ecb chu\u1ea9n b\u1ec7nh suy tim m\u00e3n t\u00ednh bao g\u1ed3m c\u00f3 c\u00e1c thu\u1ed1c \u1ee9c ch\u1ebf men chuy\u1ec3n (ACE) (ho\u1eb7c ch\u1eb9n th\u1ee5 th\u1ec3 angiotensin trong tr\u01b0\u1eddng h\u1ee3p kh\u00f4ng dung n\u1ea1p c\u00e1c thu\u1ed1c \u1ee9c ch\u1ebf men chuy\u1ec3n), ch\u1eb9n beta,\u00a0<a class=\"link-in-body\" href=\"https:\/\/www.vinmec.com\/vi\/thong-tin-duoc\/su-dung-thuoc-toan\/thuoc-loi-tieu-la-gi-dung-sao-cho-dung\/\" target=\"_blank\" rel=\"noopener\"><b class=\"link-in-body\">thu\u1ed1c l\u1ee3i ti\u1ec3u<\/b><\/a>\u00a0v\u00e0 v\u1edbi c\u00e1c glycosid tr\u1ee3 tim khi th\u00edch h\u1ee3p. Tr\u01b0\u1edbc khi \u0111i\u1ec1u tr\u1ecb suy tim m\u00e3n \u1ed5n \u0111\u1ecbnh v\u1edbi<b>\u00a0thu\u1ed1c Concor 5mg<\/b>, c\u1ea7n thi\u1ebft ph\u1ea3i c\u00f3 m\u1ed9t giai \u0111o\u1ea1n ki\u1ec3m tra \u0111\u1eb7c bi\u1ec7t v\u00e0 c\u1ea7n \u0111\u01b0\u1ee3c b\u00e1c s\u0129 theo d\u00f5i th\u01b0\u1eddng xuy\u00ean.<\/p>\n<p>C\u00e1c \u0111i\u1ec1u ki\u1ec7n tr\u01b0\u1edbc khi \u0111i\u1ec1u tr\u1ecb v\u1edbi\u00a0<b>thu\u1ed1c Concor 5mg<\/b>\u00a0suy tim m\u00e3n \u1ed5n \u0111\u1ecbnh m\u00e0 kh\u00f4ng b\u1ecb suy tim c\u1ea5p kh\u1edfi \u0111\u1ea7u theo ph\u00e1c \u0111\u1ed3 chu\u1ea9n d\u01b0\u1edbi \u0111\u00e2y:<\/p>\n<ul>\n<li>Tu\u1ea7n 1: 1.25mg bisoprolol m\u1ed9t l\u1ea7n\/ng\u00e0y, n\u1ebfu dung n\u1ea1p thu\u1ed1c t\u1ed1t th\u00ec t\u0103ng li\u1ec1u.<\/li>\n<li>Tu\u1ea7n 2: 2.5mg bisoprolol (t\u1ee9c 1\u20442 vi\u00ean\u00a0<b>thu\u1ed1c Concor 5mg<\/b>) m\u1ed9t l\u1ea7n\/ng\u00e0y, n\u1ebfu dung n\u1ea1p t\u1ed1t t\u0103ng li\u1ec1u.<\/li>\n<li>Tu\u1ea7n 3: 3.75 mg bisoprolol m\u1ed9t l\u1ea7n\/ng\u00e0y, n\u1ebfu dung n\u1ea1p t\u1ed1t t\u0103ng li\u1ec1u.<\/li>\n<li>Tu\u1ea7n 4 &#8211; 7: 5mg bisoprolol (1 vi\u00ean\u00a0<b>thu\u1ed1c Concor 5mg<\/b>) m\u1ed9t l\u1ea7n\/ng\u00e0y, n\u1ebfu dung n\u1ea1p t\u1ed1t t\u0103ng li\u1ec1u.<\/li>\n<li>Tu\u1ea7n 8 &#8211; 11: 7.5mg bisoprolol (t\u1ee9c 1 1\/2 vi\u00ean\u00a0<b>thu\u1ed1c Concor 5mg<\/b>) m\u1ed9t l\u1ea7n\/ng\u00e0y, n\u1ebfu dung n\u1ea1p thu\u1ed1c t\u1ed1t th\u00ec t\u0103ng li\u1ec1u.<\/li>\n<li>Tu\u1ea7n 12 v\u00e0 th\u1eddi gian sau: 10mg bisoprolol (t\u1ee9c 2 vi\u00ean\u00a0<b>thu\u1ed1c Concor 5mg<\/b>) m\u1ed9t l\u1ea7n\/ng\u00e0y nh\u01b0 li\u1ec1u \u0111i\u1ec1u tr\u1ecb duy tr\u00ec.<\/li>\n<\/ul>\n<p>Li\u1ec1u \u0111i\u1ec1u tr\u1ecb khuy\u1ebfn c\u00e1o t\u1ed1i \u0111a l\u00e0 10mg bisoprolol\/ l\u1ea7n\/ ng\u00e0y. B\u1ea1n n\u00ean \u0111\u01b0\u1ee3c theo d\u00f5i v\u00e0 duy tr\u00ec \u1edf m\u1ee9c li\u1ec1u n\u00e0y tr\u1eeb khi kh\u00f4ng th\u1ec3 \u0111\u01b0\u1ee3c do t\u00e1c d\u1ee5ng kh\u00f4ng mong mu\u1ed1n. C\u1ea7n theo d\u00f5i ch\u1eb7t ch\u1ebd d\u1ea5u hi\u1ec7u sinh t\u1ed3n (m\u1ea1ch, huy\u1ebft \u00e1p, nh\u1ecbp th\u1edf, nh\u1ecbp tim) v\u00e0 c\u00e1c d\u1ea5u hi\u1ec7u suy tim n\u1eb7ng l\u00ean trong giai \u0111o\u1ea1n ch\u1ec9nh li\u1ec1u.<\/p>\n<\/div>\n","protected":false},"excerpt":{"rendered":"<p>1. Thu\u1ed1c Concor 5mg c\u00f3 t\u00e1c d\u1ee5ng g\u00ec? Thu\u1ed1c Concor 5mg\u00a0c\u00f3 d\u01b0\u1ee3c ch\u1ea5t ch\u00ednh l\u00e0 bisoprolol c\u00f3 t\u00e1c d\u1ee5ng \u1ee9c ch\u1ebf nh\u1eefng c\u01a1n cao huy\u1ebft \u00e1p \u0111\u1ed9t ng\u1ed9t do g\u1eafng s\u1ee9c v\u00e0 k\u00edch th\u00edch. \u0110\u1ed3ng th\u1eddi, n\u00f3 c\u0169ng c\u00f3 t\u00e1c d\u1ee5ng gi\u00e3n m\u1ea1ch m\u00e1u v\u00e0 l\u00e0m ch\u1eadm nh\u1ecbp tim. Do \u0111\u00f3, thu\u1ed1c Concor 5mg \u0111\u01b0\u1ee3c &hellip; <\/p>\n<p class=\"link-more\"><a href=\"https:\/\/quangcaoduocpham.com\/index.php\/product\/concor-2-5-bisoprolol\/\" class=\"more-link\">Continue reading<span class=\"screen-reader-text\"> &#8220;concor-2.5-bisoprolol&#8221;<\/span><\/a><\/p>\n","protected":false},"featured_media":313,"comment_status":"open","ping_status":"closed","template":"","meta":{"om_disable_all_campaigns":false,"_monsterinsights_skip_tracking":false,"_monsterinsights_sitenote_active":false,"_monsterinsights_sitenote_note":"","_monsterinsights_sitenote_category":0},"product_brand":[],"product_cat":[37,29],"product_tag":[],"class_list":{"0":"post-328","1":"product","2":"type-product","3":"status-publish","4":"has-post-thumbnail","6":"product_cat-san-pham-ban-chay","7":"product_cat-tim-mach-tieu-duong","9":"first","10":"instock","11":"shipping-taxable","12":"product-type-simple"},"_links":{"self":[{"href":"https:\/\/quangcaoduocpham.com\/index.php\/wp-json\/wp\/v2\/product\/328","targetHints":{"allow":["GET"]}}],"collection":[{"href":"https:\/\/quangcaoduocpham.com\/index.php\/wp-json\/wp\/v2\/product"}],"about":[{"href":"https:\/\/quangcaoduocpham.com\/index.php\/wp-json\/wp\/v2\/types\/product"}],"replies":[{"embeddable":true,"href":"https:\/\/quangcaoduocpham.com\/index.php\/wp-json\/wp\/v2\/comments?post=328"}],"wp:featuredmedia":[{"embeddable":true,"href":"https:\/\/quangcaoduocpham.com\/index.php\/wp-json\/wp\/v2\/media\/313"}],"wp:attachment":[{"href":"https:\/\/quangcaoduocpham.com\/index.php\/wp-json\/wp\/v2\/media?parent=328"}],"wp:term":[{"taxonomy":"product_brand","embeddable":true,"href":"https:\/\/quangcaoduocpham.com\/index.php\/wp-json\/wp\/v2\/product_brand?post=328"},{"taxonomy":"product_cat","embeddable":true,"href":"https:\/\/quangcaoduocpham.com\/index.php\/wp-json\/wp\/v2\/product_cat?post=328"},{"taxonomy":"product_tag","embeddable":true,"href":"https:\/\/quangcaoduocpham.com\/index.php\/wp-json\/wp\/v2\/product_tag?post=328"}],"curies":[{"name":"wp","href":"https:\/\/api.w.org\/{rel}","templated":true}]}}