{"id":737,"date":"2023-12-13T10:57:54","date_gmt":"2023-12-13T10:57:54","guid":{"rendered":"https:\/\/quangcaoduocpham.com\/?post_type=product&#038;p=737"},"modified":"2026-04-10T16:15:39","modified_gmt":"2026-04-10T16:15:39","slug":"salonpas","status":"publish","type":"product","link":"https:\/\/quangcaoduocpham.com\/index.php\/product\/salonpas\/","title":{"rendered":"Salonpas"},"content":{"rendered":"<p>Ho\u1ea1t ch\u1ea5t: Methyl salicylate 6,29%, L- Menthol 5,71%, dL \u2013 Camphor 1,24 %, Tocopherol acetate 2,00 %<\/p>\n<p>C\u00f4ng d\u1ee5ng: D\u00f9ng gi\u1ea3m \u0111au , kh\u00e1ng vi\u00eam trong c\u00e1c c\u01a1n \u0111au \u0110\u1ed1i t\u01b0\u1ee3ng s\u1eed d\u1ee5ng: Ng\u01b0\u1eddi l\u1edbn v\u00e0 tr\u1ebb em tr\u00ean 12 tu\u1ed5i.<\/p>\n<p>H\u00ecnh th\u1ee9c: Cao d\u00e1n ngo\u00e0i da.<\/p>\n<p>Th\u01b0\u01a1ng hi\u1ec7u: Hisamitsu\u00a0Pharmaceutical<\/p>\n<p>N\u01a1i s\u1ea3n xu\u1ea5t: C\u00f4ng ty c\u1ed5 ph\u1ea7n d\u01b0\u1ee3c ph\u1ea9m D\u01b0\u1ee3c Ph\u1ea9m Hisamitsu (Vi\u1ec7t Nam)<\/p>\n","protected":false},"excerpt":{"rendered":"<p>Ho\u1ea1t ch\u1ea5t: Methyl salicylate 6,29%, L- Menthol 5,71%, dL \u2013 Camphor 1,24 %, Tocopherol acetate 2,00 % C\u00f4ng d\u1ee5ng: D\u00f9ng gi\u1ea3m \u0111au , kh\u00e1ng vi\u00eam trong c\u00e1c c\u01a1n \u0111au \u0110\u1ed1i t\u01b0\u1ee3ng s\u1eed d\u1ee5ng: Ng\u01b0\u1eddi l\u1edbn v\u00e0 tr\u1ebb em tr\u00ean 12 tu\u1ed5i. H\u00ecnh th\u1ee9c: Cao d\u00e1n ngo\u00e0i da. Th\u01b0\u01a1ng hi\u1ec7u: Hisamitsu\u00a0Pharmaceutical N\u01a1i s\u1ea3n xu\u1ea5t: C\u00f4ng ty &hellip; <\/p>\n<p class=\"link-more\"><a href=\"https:\/\/quangcaoduocpham.com\/index.php\/product\/salonpas\/\" class=\"more-link\">Continue reading<span class=\"screen-reader-text\"> &#8220;Salonpas&#8221;<\/span><\/a><\/p>\n","protected":false},"featured_media":739,"comment_status":"open","ping_status":"closed","template":"","meta":{"om_disable_all_campaigns":false,"_monsterinsights_skip_tracking":false,"_monsterinsights_sitenote_active":false,"_monsterinsights_sitenote_note":"","_monsterinsights_sitenote_category":0},"product_brand":[],"product_cat":[40,41,37],"product_tag":[],"class_list":{"0":"post-737","1":"product","2":"type-product","3":"status-publish","4":"has-post-thumbnail","6":"product_cat-cao-dan","7":"product_cat-gia-tot","8":"product_cat-san-pham-ban-chay","10":"first","11":"instock","12":"shipping-taxable","13":"product-type-simple"},"_links":{"self":[{"href":"https:\/\/quangcaoduocpham.com\/index.php\/wp-json\/wp\/v2\/product\/737","targetHints":{"allow":["GET"]}}],"collection":[{"href":"https:\/\/quangcaoduocpham.com\/index.php\/wp-json\/wp\/v2\/product"}],"about":[{"href":"https:\/\/quangcaoduocpham.com\/index.php\/wp-json\/wp\/v2\/types\/product"}],"replies":[{"embeddable":true,"href":"https:\/\/quangcaoduocpham.com\/index.php\/wp-json\/wp\/v2\/comments?post=737"}],"wp:featuredmedia":[{"embeddable":true,"href":"https:\/\/quangcaoduocpham.com\/index.php\/wp-json\/wp\/v2\/media\/739"}],"wp:attachment":[{"href":"https:\/\/quangcaoduocpham.com\/index.php\/wp-json\/wp\/v2\/media?parent=737"}],"wp:term":[{"taxonomy":"product_brand","embeddable":true,"href":"https:\/\/quangcaoduocpham.com\/index.php\/wp-json\/wp\/v2\/product_brand?post=737"},{"taxonomy":"product_cat","embeddable":true,"href":"https:\/\/quangcaoduocpham.com\/index.php\/wp-json\/wp\/v2\/product_cat?post=737"},{"taxonomy":"product_tag","embeddable":true,"href":"https:\/\/quangcaoduocpham.com\/index.php\/wp-json\/wp\/v2\/product_tag?post=737"}],"curies":[{"name":"wp","href":"https:\/\/api.w.org\/{rel}","templated":true}]}}