{"id":756,"date":"2023-12-13T11:43:28","date_gmt":"2023-12-13T11:43:28","guid":{"rendered":"https:\/\/quangcaoduocpham.com\/?post_type=product&#038;p=756"},"modified":"2026-04-11T00:09:58","modified_gmt":"2026-04-11T00:09:58","slug":"salonsip","status":"publish","type":"product","link":"https:\/\/quangcaoduocpham.com\/index.php\/product\/salonsip\/","title":{"rendered":"Salonsip"},"content":{"rendered":"<p>Mi\u1ebfng d\u00e1n Salonsip Gel-Patch Hisamitsu gi\u00fap gi\u1ea3m \u0111au, kh\u00e1ng vi\u00eam (20 mi\u1ebfng)<\/p>\n<p>Salonsip Gel-patch \u0111\u01b0\u1ee3c s\u1ea3n xu\u1ea5t b\u1edfi\u00a0<i>C\u00f4ng Ty TNHH D\u01b0\u1ee3c Ph\u1ea9m Hisamitsu Vi\u1ec7t Nam<\/i>, th\u00e0nh ph\u1ea7n ch\u00ednh l\u00e0 hlycol salicylate, L &#8211; Menthol, DL &#8211; Camphor, tocopherol acetate, \u0111\u01b0\u1ee3c d\u00f9ng \u0111\u1ec3 gi\u1ea3m \u0111au v\u00e0 kh\u00e1ng vi\u00eam trong c\u00e1c c\u01a1n \u0111au li\u00ean quan \u0111\u1ebfn m\u1ecfi c\u01a1, \u0111au c\u01a1, \u0111au vai, \u0111au l\u01b0ng \u0111\u01a1n thu\u1ea7n, b\u1ea7m t\u00edm, bong g\u00e2n, c\u0103ng c\u01a1, vi\u00eam kh\u1edbp<\/p>\n","protected":false},"excerpt":{"rendered":"<p>Mi\u1ebfng d\u00e1n Salonsip Gel-Patch Hisamitsu gi\u00fap gi\u1ea3m \u0111au, kh\u00e1ng vi\u00eam (20 mi\u1ebfng) Salonsip Gel-patch \u0111\u01b0\u1ee3c s\u1ea3n xu\u1ea5t b\u1edfi\u00a0C\u00f4ng Ty TNHH D\u01b0\u1ee3c Ph\u1ea9m Hisamitsu Vi\u1ec7t Nam, th\u00e0nh ph\u1ea7n ch\u00ednh l\u00e0 hlycol salicylate, L &#8211; Menthol, DL &#8211; Camphor, tocopherol acetate, \u0111\u01b0\u1ee3c d\u00f9ng \u0111\u1ec3 gi\u1ea3m \u0111au v\u00e0 kh\u00e1ng vi\u00eam trong c\u00e1c c\u01a1n \u0111au li\u00ean quan \u0111\u1ebfn m\u1ecfi &hellip; <\/p>\n<p class=\"link-more\"><a href=\"https:\/\/quangcaoduocpham.com\/index.php\/product\/salonsip\/\" class=\"more-link\">Continue reading<span class=\"screen-reader-text\"> &#8220;Salonsip&#8221;<\/span><\/a><\/p>\n","protected":false},"featured_media":741,"comment_status":"open","ping_status":"closed","template":"","meta":{"om_disable_all_campaigns":false,"_monsterinsights_skip_tracking":false,"_monsterinsights_sitenote_active":false,"_monsterinsights_sitenote_note":"","_monsterinsights_sitenote_category":0},"product_brand":[],"product_cat":[40,41,37],"product_tag":[],"class_list":{"0":"post-756","1":"product","2":"type-product","3":"status-publish","4":"has-post-thumbnail","6":"product_cat-cao-dan","7":"product_cat-gia-tot","8":"product_cat-san-pham-ban-chay","10":"first","11":"instock","12":"shipping-taxable","13":"product-type-simple"},"_links":{"self":[{"href":"https:\/\/quangcaoduocpham.com\/index.php\/wp-json\/wp\/v2\/product\/756","targetHints":{"allow":["GET"]}}],"collection":[{"href":"https:\/\/quangcaoduocpham.com\/index.php\/wp-json\/wp\/v2\/product"}],"about":[{"href":"https:\/\/quangcaoduocpham.com\/index.php\/wp-json\/wp\/v2\/types\/product"}],"replies":[{"embeddable":true,"href":"https:\/\/quangcaoduocpham.com\/index.php\/wp-json\/wp\/v2\/comments?post=756"}],"wp:featuredmedia":[{"embeddable":true,"href":"https:\/\/quangcaoduocpham.com\/index.php\/wp-json\/wp\/v2\/media\/741"}],"wp:attachment":[{"href":"https:\/\/quangcaoduocpham.com\/index.php\/wp-json\/wp\/v2\/media?parent=756"}],"wp:term":[{"taxonomy":"product_brand","embeddable":true,"href":"https:\/\/quangcaoduocpham.com\/index.php\/wp-json\/wp\/v2\/product_brand?post=756"},{"taxonomy":"product_cat","embeddable":true,"href":"https:\/\/quangcaoduocpham.com\/index.php\/wp-json\/wp\/v2\/product_cat?post=756"},{"taxonomy":"product_tag","embeddable":true,"href":"https:\/\/quangcaoduocpham.com\/index.php\/wp-json\/wp\/v2\/product_tag?post=756"}],"curies":[{"name":"wp","href":"https:\/\/api.w.org\/{rel}","templated":true}]}}